{"id":2066,"date":"2022-04-20T13:56:10","date_gmt":"2022-04-20T13:56:10","guid":{"rendered":"https:\/\/merlin.alkemylabs.com\/?page_id=2066"},"modified":"2025-05-08T07:23:45","modified_gmt":"2025-05-08T07:23:45","slug":"nuestros-servicios","status":"publish","type":"page","link":"https:\/\/www.merlinhub.es\/en\/nuestros-servicios\/","title":{"rendered":"Nuestros Servicios"},"content":{"rendered":"","protected":false},"excerpt":{"rendered":"","protected":false},"author":7,"featured_media":0,"parent":0,"menu_order":0,"comment_status":"closed","ping_status":"closed","template":"","meta":{"footnotes":""},"categories":[],"class_list":["post-2066","page","type-page","status-publish","hentry"],"acf":[],"yoast_head":"<!-- This site is optimized with the Yoast SEO plugin v26.5 - https:\/\/yoast.com\/wordpress\/plugins\/seo\/ -->\n<title>Nuestros Servicios - MerlinHub (EN)<\/title>\n<meta name=\"description\" content=\"Ponemos a tu disposici\u00f3n propuestas de valor basados en diferentes experiencias para conseguir el mayor n\u00famero de impactos, mejorando tu visi\u00f3n digital y haciendo crecer tu marca seg\u00fan la tendencia del mercado.\" \/>\n<meta name=\"robots\" content=\"index, follow, max-snippet:-1, max-image-preview:large, max-video-preview:-1\" \/>\n<link rel=\"canonical\" href=\"https:\/\/www.merlinhub.es\/en\/nuestros-servicios\/\" \/>\n<meta property=\"og:locale\" content=\"en_US\" \/>\n<meta property=\"og:type\" content=\"article\" \/>\n<meta property=\"og:title\" content=\"Nuestros Servicios - MerlinHub (EN)\" \/>\n<meta property=\"og:description\" content=\"Ponemos a tu disposici\u00f3n propuestas de valor basados en diferentes experiencias para conseguir el mayor n\u00famero de impactos, mejorando tu visi\u00f3n digital y haciendo crecer tu marca seg\u00fan la tendencia del mercado.\" \/>\n<meta property=\"og:url\" content=\"https:\/\/www.merlinhub.es\/en\/nuestros-servicios\/\" \/>\n<meta property=\"og:site_name\" content=\"MerlinHub (EN)\" \/>\n<meta property=\"article:modified_time\" content=\"2025-05-08T07:23:45+00:00\" \/>\n<meta name=\"twitter:card\" content=\"summary_large_image\" \/>\n<script type=\"application\/ld+json\" class=\"yoast-schema-graph\">{\"@context\":\"https:\/\/schema.org\",\"@graph\":[{\"@type\":\"WebPage\",\"@id\":\"https:\/\/www.merlinhub.es\/en\/nuestros-servicios\/\",\"url\":\"https:\/\/www.merlinhub.es\/en\/nuestros-servicios\/\",\"name\":\"Nuestros Servicios - MerlinHub (EN)\",\"isPartOf\":{\"@id\":\"https:\/\/www.merlinhub.es\/en\/#website\"},\"datePublished\":\"2022-04-20T13:56:10+00:00\",\"dateModified\":\"2025-05-08T07:23:45+00:00\",\"description\":\"Ponemos a tu disposici\u00f3n propuestas de valor basados en diferentes experiencias para conseguir el mayor n\u00famero de impactos, mejorando tu visi\u00f3n digital y haciendo crecer tu marca seg\u00fan la tendencia del mercado.\",\"inLanguage\":\"en-US\",\"potentialAction\":[{\"@type\":\"ReadAction\",\"target\":[\"https:\/\/www.merlinhub.es\/en\/nuestros-servicios\/\"]}]},{\"@type\":\"WebSite\",\"@id\":\"https:\/\/www.merlinhub.es\/en\/#website\",\"url\":\"https:\/\/www.merlinhub.es\/en\/\",\"name\":\"MerlinHub (EN)\",\"description\":\"Listed real estate company, leader in the tertiary assets sector in the Iberian Peninsula.\",\"publisher\":{\"@id\":\"https:\/\/www.merlinhub.es\/en\/#organization\"},\"potentialAction\":[{\"@type\":\"SearchAction\",\"target\":{\"@type\":\"EntryPoint\",\"urlTemplate\":\"https:\/\/www.merlinhub.es\/en\/?s={search_term_string}\"},\"query-input\":{\"@type\":\"PropertyValueSpecification\",\"valueRequired\":true,\"valueName\":\"search_term_string\"}}],\"inLanguage\":\"en-US\"},{\"@type\":\"Organization\",\"@id\":\"https:\/\/www.merlinhub.es\/en\/#organization\",\"name\":\"MerlinHub (EN)\",\"url\":\"https:\/\/www.merlinhub.es\/en\/\",\"logo\":{\"@type\":\"ImageObject\",\"inLanguage\":\"en-US\",\"@id\":\"https:\/\/www.merlinhub.es\/en\/#\/schema\/logo\/image\/\",\"url\":\"\",\"contentUrl\":\"\",\"caption\":\"MerlinHub (EN)\"},\"image\":{\"@id\":\"https:\/\/www.merlinhub.es\/en\/#\/schema\/logo\/image\/\"}}]}<\/script>\n<!-- \/ Yoast SEO plugin. -->","yoast_head_json":{"title":"Nuestros Servicios - MerlinHub (EN)","description":"Ponemos a tu disposici\u00f3n propuestas de valor basados en diferentes experiencias para conseguir el mayor n\u00famero de impactos, mejorando tu visi\u00f3n digital y haciendo crecer tu marca seg\u00fan la tendencia del mercado.","robots":{"index":"index","follow":"follow","max-snippet":"max-snippet:-1","max-image-preview":"max-image-preview:large","max-video-preview":"max-video-preview:-1"},"canonical":"https:\/\/www.merlinhub.es\/en\/nuestros-servicios\/","og_locale":"en_US","og_type":"article","og_title":"Nuestros Servicios - MerlinHub (EN)","og_description":"Ponemos a tu disposici\u00f3n propuestas de valor basados en diferentes experiencias para conseguir el mayor n\u00famero de impactos, mejorando tu visi\u00f3n digital y haciendo crecer tu marca seg\u00fan la tendencia del mercado.","og_url":"https:\/\/www.merlinhub.es\/en\/nuestros-servicios\/","og_site_name":"MerlinHub (EN)","article_modified_time":"2025-05-08T07:23:45+00:00","twitter_card":"summary_large_image","schema":{"@context":"https:\/\/schema.org","@graph":[{"@type":"WebPage","@id":"https:\/\/www.merlinhub.es\/en\/nuestros-servicios\/","url":"https:\/\/www.merlinhub.es\/en\/nuestros-servicios\/","name":"Nuestros Servicios - MerlinHub (EN)","isPartOf":{"@id":"https:\/\/www.merlinhub.es\/en\/#website"},"datePublished":"2022-04-20T13:56:10+00:00","dateModified":"2025-05-08T07:23:45+00:00","description":"Ponemos a tu disposici\u00f3n propuestas de valor basados en diferentes experiencias para conseguir el mayor n\u00famero de impactos, mejorando tu visi\u00f3n digital y haciendo crecer tu marca seg\u00fan la tendencia del mercado.","inLanguage":"en-US","potentialAction":[{"@type":"ReadAction","target":["https:\/\/www.merlinhub.es\/en\/nuestros-servicios\/"]}]},{"@type":"WebSite","@id":"https:\/\/www.merlinhub.es\/en\/#website","url":"https:\/\/www.merlinhub.es\/en\/","name":"MerlinHub (EN)","description":"Listed real estate company, leader in the tertiary assets sector in the Iberian Peninsula.","publisher":{"@id":"https:\/\/www.merlinhub.es\/en\/#organization"},"potentialAction":[{"@type":"SearchAction","target":{"@type":"EntryPoint","urlTemplate":"https:\/\/www.merlinhub.es\/en\/?s={search_term_string}"},"query-input":{"@type":"PropertyValueSpecification","valueRequired":true,"valueName":"search_term_string"}}],"inLanguage":"en-US"},{"@type":"Organization","@id":"https:\/\/www.merlinhub.es\/en\/#organization","name":"MerlinHub (EN)","url":"https:\/\/www.merlinhub.es\/en\/","logo":{"@type":"ImageObject","inLanguage":"en-US","@id":"https:\/\/www.merlinhub.es\/en\/#\/schema\/logo\/image\/","url":"","contentUrl":"","caption":"MerlinHub (EN)"},"image":{"@id":"https:\/\/www.merlinhub.es\/en\/#\/schema\/logo\/image\/"}}]}},"_links":{"self":[{"href":"https:\/\/www.merlinhub.es\/en\/wp-json\/wp\/v2\/pages\/2066","targetHints":{"allow":["GET"]}}],"collection":[{"href":"https:\/\/www.merlinhub.es\/en\/wp-json\/wp\/v2\/pages"}],"about":[{"href":"https:\/\/www.merlinhub.es\/en\/wp-json\/wp\/v2\/types\/page"}],"author":[{"embeddable":true,"href":"https:\/\/www.merlinhub.es\/en\/wp-json\/wp\/v2\/users\/7"}],"replies":[{"embeddable":true,"href":"https:\/\/www.merlinhub.es\/en\/wp-json\/wp\/v2\/comments?post=2066"}],"version-history":[{"count":1,"href":"https:\/\/www.merlinhub.es\/en\/wp-json\/wp\/v2\/pages\/2066\/revisions"}],"predecessor-version":[{"id":6926,"href":"https:\/\/www.merlinhub.es\/en\/wp-json\/wp\/v2\/pages\/2066\/revisions\/6926"}],"wp:attachment":[{"href":"https:\/\/www.merlinhub.es\/en\/wp-json\/wp\/v2\/media?parent=2066"}],"wp:term":[{"taxonomy":"category","embeddable":true,"href":"https:\/\/www.merlinhub.es\/en\/wp-json\/wp\/v2\/categories?post=2066"}],"curies":[{"name":"wp","href":"https:\/\/api.w.org\/{rel}","templated":true}]}}